{"id":2,"date":"2024-08-21T13:08:36","date_gmt":"2024-08-21T13:08:36","guid":{"rendered":"https:\/\/ledrum.is\/?page_id=2"},"modified":"2024-08-23T23:04:42","modified_gmt":"2024-08-23T23:04:42","slug":"sample-page","status":"publish","type":"page","link":"https:\/\/ledrum.is\/?page_id=2","title":{"rendered":"Curriculum vitae"},"content":{"rendered":"\n<blockquote class=\"wp-block-quote is-layout-flow wp-block-quote-is-layout-flow\">\n<p>Professional experience:<\/p>\n<\/blockquote>\n\n\n\n<p><strong>2024 &#8211; present Director of Specialized Housing<\/strong>, Su\u00f0urnesjab\u00e6r<\/p>\n\n\n\n<p><strong>2023 &#8211; 2024: Team Leader in Specialized Housing<\/strong>, Reykjav\u00edkurborg<\/p>\n\n\n\n<p><strong>2022 \u2013 2023: Acting Director in Specialized Housing<\/strong>, Reykjav\u00edkurborg<\/p>\n\n\n\n<p><strong>2020 &#8211; 2022:Team Leader in Specialized Housing<\/strong>, Reykjav\u00edkurborg<\/p>\n\n\n\n<p><strong>2013 &#8211; 2020: Department Head at a Residential Facility for People with Disabilities<\/strong>, Reykjav\u00edkurborg<\/p>\n\n\n\n<p><strong>2012 \u2013 2013:Assistant Teacher at the School of Education<\/strong>, University of Iceland<\/p>\n\n\n\n<p><strong>2011 \u2013 2012: Director of a Newly Merged Youth and Leisure Center<\/strong>, Hafnarfjar\u00f0arb\u00e6r<\/p>\n\n\n\n<p><strong>2000 &#8211; 2010:Director of a Youth Center <\/strong>, Sveitarf\u00e9lagi\u00f0 Gar\u00f0ur<\/p>\n\n\n\n<p><strong>1987 &#8211; 2000: <\/strong><strong>Sailor, Cook, Engineer, and First Mate<\/strong>, H\u00f3lmsteinn hf<\/p>\n\n\n\n<blockquote class=\"wp-block-quote is-layout-flow wp-block-quote-is-layout-flow\">\n<p>Education:<\/p>\n<\/blockquote>\n\n\n\n<ul class=\"wp-block-list\">\n<li><strong>2023 &#8211; Present:<\/strong> <strong>Public Administration<\/strong> (Ongoing)<\/li>\n\n\n\n<li><strong>2010 &#8211; 2021:<\/strong> <strong>M.Ed. in Leisure and Social Studies<\/strong>, University of Iceland<\/li>\n\n\n\n<li><strong>2007 &#8211; 2010:<\/strong> <strong>B.A. in Leisure and Social Studies<\/strong>, University of Iceland<\/li>\n\n\n\n<li><strong>2006 \u2013 2007:<\/strong> <strong>Prevention Advisor<\/strong>, R\u00e1\u00f0gjafask\u00f3li \u00cdslands<\/li>\n\n\n\n<li><strong>1989 \u2013 1990:<\/strong> <strong>Maritime Studies<\/strong>, Fj\u00f6lbrautask\u00f3li Su\u00f0urnesja<\/li>\n<\/ul>\n\n\n\n<blockquote class=\"wp-block-quote is-layout-flow wp-block-quote-is-layout-flow\">\n<p>Courses:<\/p>\n<\/blockquote>\n\n\n\n<p>Numerous courses on search and rescue at sea and along the Icelandic coast. <\/p>\n\n\n\n<p>First aid, general search and navigation courses.<\/p>\n\n\n\n<p>Instructor certification in sea rescue.<\/p>\n\n\n\n<p>Rubble rescue.<\/p>\n\n\n\n<p>Various courses related to working with disabled individuals, including:<\/p>\n\n\n\n<ul class=\"wp-block-list\">\n<li>Gentle teaching<\/li>\n\n\n\n<li>The Philosophy of Independent Living<\/li>\n\n\n\n<li>Attended numerous courses and conferences, both domestic and international, related to my work.<\/li>\n<\/ul>\n\n\n\n<p><\/p>\n<p>Views: 2<\/p>","protected":false},"excerpt":{"rendered":"<p>Professional experience: 2024 &#8211; present Director of Specialized Housing, Su\u00f0urnesjab\u00e6r 2023 &#8211; 2024: Team Leader in Specialized Housing, Reykjav\u00edkurborg 2022 \u2013 2023: Acting Director in Specialized Housing, Reykjav\u00edkurborg 2020 &#8211; 2022:Team Leader in Specialized Housing, Reykjav\u00edkurborg 2013 &#8211; 2020: Department Head at a Residential Facility for People with Disabilities, Reykjav\u00edkurborg 2012 \u2013 2013:Assistant Teacher at [&hellip;]<\/p>\n","protected":false},"author":1,"featured_media":0,"parent":0,"menu_order":0,"comment_status":"closed","ping_status":"open","template":"","meta":{"footnotes":""},"class_list":["post-2","page","type-page","status-publish","hentry"],"_links":{"self":[{"href":"https:\/\/ledrum.is\/index.php?rest_route=\/wp\/v2\/pages\/2","targetHints":{"allow":["GET"]}}],"collection":[{"href":"https:\/\/ledrum.is\/index.php?rest_route=\/wp\/v2\/pages"}],"about":[{"href":"https:\/\/ledrum.is\/index.php?rest_route=\/wp\/v2\/types\/page"}],"author":[{"embeddable":true,"href":"https:\/\/ledrum.is\/index.php?rest_route=\/wp\/v2\/users\/1"}],"replies":[{"embeddable":true,"href":"https:\/\/ledrum.is\/index.php?rest_route=%2Fwp%2Fv2%2Fcomments&post=2"}],"version-history":[{"count":5,"href":"https:\/\/ledrum.is\/index.php?rest_route=\/wp\/v2\/pages\/2\/revisions"}],"predecessor-version":[{"id":50,"href":"https:\/\/ledrum.is\/index.php?rest_route=\/wp\/v2\/pages\/2\/revisions\/50"}],"wp:attachment":[{"href":"https:\/\/ledrum.is\/index.php?rest_route=%2Fwp%2Fv2%2Fmedia&parent=2"}],"curies":[{"name":"wp","href":"https:\/\/api.w.org\/{rel}","templated":true}]}}